{"id":715,"date":"2015-03-11T10:47:16","date_gmt":"2015-03-11T10:47:16","guid":{"rendered":"http:\/\/giselafernandez.es\/wordpress\/diseno-grafico-carteleria\/"},"modified":"2023-07-17T14:41:49","modified_gmt":"2023-07-17T14:41:49","slug":"carteleria","status":"publish","type":"page","link":"https:\/\/giselafernandez.es\/wordpress\/grafico\/carteleria\/","title":{"rendered":"CARTELER\u00cdA-SE\u00d1ALIZACI\u00d3N"},"content":{"rendered":"ngg_shortcode_0_placeholder\n\n\n\n\n<p><\/p>\n","protected":false},"excerpt":{"rendered":"<p> <a class=\"continue-reading-link\" href=\"https:\/\/giselafernandez.es\/wordpress\/grafico\/carteleria\/\">Continue reading<\/a><\/p>\n","protected":false},"author":1,"featured_media":0,"parent":1160,"menu_order":14,"comment_status":"closed","ping_status":"closed","template":"","meta":{"ngg_post_thumbnail":0,"jetpack_post_was_ever_published":false,"footnotes":""},"class_list":["post-715","page","type-page","status-publish","hentry"],"aioseo_notices":[],"jetpack_sharing_enabled":true,"jetpack_shortlink":"https:\/\/wp.me\/P82I4X-bx","_links":{"self":[{"href":"https:\/\/giselafernandez.es\/wordpress\/wp-json\/wp\/v2\/pages\/715","targetHints":{"allow":["GET"]}}],"collection":[{"href":"https:\/\/giselafernandez.es\/wordpress\/wp-json\/wp\/v2\/pages"}],"about":[{"href":"https:\/\/giselafernandez.es\/wordpress\/wp-json\/wp\/v2\/types\/page"}],"author":[{"embeddable":true,"href":"https:\/\/giselafernandez.es\/wordpress\/wp-json\/wp\/v2\/users\/1"}],"replies":[{"embeddable":true,"href":"https:\/\/giselafernandez.es\/wordpress\/wp-json\/wp\/v2\/comments?post=715"}],"version-history":[{"count":26,"href":"https:\/\/giselafernandez.es\/wordpress\/wp-json\/wp\/v2\/pages\/715\/revisions"}],"predecessor-version":[{"id":3447,"href":"https:\/\/giselafernandez.es\/wordpress\/wp-json\/wp\/v2\/pages\/715\/revisions\/3447"}],"up":[{"embeddable":true,"href":"https:\/\/giselafernandez.es\/wordpress\/wp-json\/wp\/v2\/pages\/1160"}],"wp:attachment":[{"href":"https:\/\/giselafernandez.es\/wordpress\/wp-json\/wp\/v2\/media?parent=715"}],"curies":[{"name":"wp","href":"https:\/\/api.w.org\/{rel}","templated":true}]}}