{"id":1534,"date":"2015-05-29T15:32:16","date_gmt":"2015-05-29T15:32:16","guid":{"rendered":"http:\/\/giselafernandez.es\/wordpress\/?page_id=1534"},"modified":"2021-08-30T14:18:02","modified_gmt":"2021-08-30T14:18:02","slug":"invitacion-boda","status":"publish","type":"page","link":"https:\/\/giselafernandez.es\/wordpress\/invitacion-boda\/","title":{"rendered":"INVITACI\u00d3N DE BODA ILUSTRADA"},"content":{"rendered":"<p>Creaci\u00f3n de<strong> invitaci\u00f3n de boda<\/strong>&nbsp;con<strong> ilustraciones personalizadas<\/strong> y tematizadas.<\/p>\n<p>Desarrollo del dise\u00f1o en formato cuadrado <strong>tr\u00edptico<\/strong> con seis caras ilustradas.<\/p>\n<p>Elecci\u00f3n de sobre y <strong>dise\u00f1o de pegatina<\/strong> para el anverso del mismo.<\/p>\nngg_shortcode_0_placeholder\n\n\n<p><\/p>\n","protected":false},"excerpt":{"rendered":"<p>Creaci\u00f3n de invitaci\u00f3n de boda&nbsp;con ilustraciones personalizadas y tematizadas. Desarrollo del dise\u00f1o en formato cuadrado tr\u00edptico con seis caras ilustradas. Elecci\u00f3n de sobre y dise\u00f1o de pegatina para el anverso del mismo. <a class=\"continue-reading-link\" href=\"https:\/\/giselafernandez.es\/wordpress\/invitacion-boda\/\">Continue reading<\/a><\/p>\n","protected":false},"author":1,"featured_media":3058,"parent":0,"menu_order":3,"comment_status":"closed","ping_status":"closed","template":"","meta":{"ngg_post_thumbnail":0,"jetpack_post_was_ever_published":false,"footnotes":""},"class_list":["post-1534","page","type-page","status-publish","has-post-thumbnail","hentry"],"aioseo_notices":[],"jetpack_sharing_enabled":true,"jetpack_shortlink":"https:\/\/wp.me\/P82I4X-oK","_links":{"self":[{"href":"https:\/\/giselafernandez.es\/wordpress\/wp-json\/wp\/v2\/pages\/1534","targetHints":{"allow":["GET"]}}],"collection":[{"href":"https:\/\/giselafernandez.es\/wordpress\/wp-json\/wp\/v2\/pages"}],"about":[{"href":"https:\/\/giselafernandez.es\/wordpress\/wp-json\/wp\/v2\/types\/page"}],"author":[{"embeddable":true,"href":"https:\/\/giselafernandez.es\/wordpress\/wp-json\/wp\/v2\/users\/1"}],"replies":[{"embeddable":true,"href":"https:\/\/giselafernandez.es\/wordpress\/wp-json\/wp\/v2\/comments?post=1534"}],"version-history":[{"count":33,"href":"https:\/\/giselafernandez.es\/wordpress\/wp-json\/wp\/v2\/pages\/1534\/revisions"}],"predecessor-version":[{"id":3070,"href":"https:\/\/giselafernandez.es\/wordpress\/wp-json\/wp\/v2\/pages\/1534\/revisions\/3070"}],"wp:featuredmedia":[{"embeddable":true,"href":"https:\/\/giselafernandez.es\/wordpress\/wp-json\/wp\/v2\/media\/3058"}],"wp:attachment":[{"href":"https:\/\/giselafernandez.es\/wordpress\/wp-json\/wp\/v2\/media?parent=1534"}],"curies":[{"name":"wp","href":"https:\/\/api.w.org\/{rel}","templated":true}]}}